{"id":4042,"date":"2013-05-15T17:35:34","date_gmt":"2013-05-15T17:35:34","guid":{"rendered":"http:\/\/good-bones.mdnw.net\/?page_id=4042"},"modified":"2022-10-20T22:22:12","modified_gmt":"2022-10-20T22:22:12","slug":"contact-us","status":"publish","type":"page","link":"http:\/\/cae.fcyt.umss.edu.bo\/?page_id=4042","title":{"rendered":"CONTACTO"},"content":{"rendered":"<div class=\"wpb-content-wrapper\">[vc_row 0=\u00bb\u00bb][vc_column][vc_single_image image=\u00bb7717&#8243; img_size=\u00bbfull\u00bb][\/vc_column][\/vc_row][vc_row 0=\u00bb\u00bb][vc_column 0=\u00bb\u00bb][vc_column_text 0=\u00bb\u00bb]\n<p style=\"text-align: justify;\">\u00abEl Proyecto CAE brinda cursos de capacitaci\u00f3n para estudiantes , profesionales y p\u00fablico en general , tambi\u00e9n contamos con ambientes con 20 maquinas en alquiler para cursos de capacitaci\u00f3n\u00bb<\/p>\n[\/vc_column_text][vc_separator 0=\u00bb\u00bb][\/vc_column][\/vc_row][vc_row][vc_column][vc_gmaps link=\u00bb#E-8_JTNDaWZyYW1lJTIwc3JjJTNEJTIyaHR0cHMlM0ElMkYlMkZ3d3cuZ29vZ2xlLmNvbSUyRm1hcHMlMkZlbWJlZCUzRnBiJTNEJTIxMW0xOCUyMTFtMTIlMjExbTMlMjExZDIxNjcuNTY0ODYwOTA4ODI3JTIxMmQtNjYuMTQ1MTQwODgyMzIwNCUyMTNkLTE3LjM5MTkzMDIyMzg1NzgzJTIxMm0zJTIxMWYwJTIxMmYwJTIxM2YwJTIxM20yJTIxMWkxMDI0JTIxMmk3NjglMjE0ZjEzLjElMjEzbTMlMjExbTIlMjExczB4OTNlMzczNzcxNTk2M2JmZiUyNTNBMHhlYjA1OTdhYjViYjk2ZjhlJTIxMnNQcm95ZWN0byUyNTIwQ0FFJTIxNWUxJTIxM20yJTIxMXNlbiUyMTJzYm8lMjE0djE2NjQ5ODM3NTI4OTklMjE1bTIlMjExc2VuJTIxMnNibyUyMiUyMHdpZHRoJTNEJTIyNjAwJTIyJTIwaGVpZ2h0JTNEJTIyNDUwJTIyJTIwc3R5bGUlM0QlMjJib3JkZXIlM0EwJTNCJTIyJTIwYWxsb3dmdWxsc2NyZWVuJTNEJTIyJTIyJTIwbG9hZGluZyUzRCUyMmxhenklMjIlMjByZWZlcnJlcnBvbGljeSUzRCUyMm5vLXJlZmVycmVyLXdoZW4tZG93bmdyYWRlJTIyJTNFJTNDJTJGaWZyYW1lJTNF\u00bb title=\u00bbUbicaci\u00f3n Google Maps &#8211;  PROYECTO CAE\u00bb][\/vc_column][\/vc_row][vc_row][vc_column][vc_text_separator title=\u00bbFormulario de Contacto con el PROYECTO CAE Cochabamba\u00bb color=\u00bbcustom\u00bb accent_color=\u00bb#1e73be\u00bb][\/vc_column][\/vc_row][vc_row 0=\u00bb\u00bb][vc_column]<div role=\"form\" class=\"wpcf7\" id=\"wpcf7-f6373-o1\" lang=\"en-US\" dir=\"ltr\">\n<div class=\"screen-reader-response\"><p role=\"status\" aria-live=\"polite\" aria-atomic=\"true\"><\/p> <ul><\/ul><\/div>\n<form action=\"\/index.php?rest_route=%2Fwp%2Fv2%2Fpages%2F4042#wpcf7-f6373-o1\" method=\"post\" class=\"wpcf7-form init\" novalidate=\"novalidate\" data-status=\"init\">\n<div style=\"display: none;\">\n<input type=\"hidden\" name=\"_wpcf7\" value=\"6373\" \/>\n<input type=\"hidden\" name=\"_wpcf7_version\" value=\"5.6.4\" \/>\n<input type=\"hidden\" name=\"_wpcf7_locale\" value=\"en_US\" \/>\n<input type=\"hidden\" name=\"_wpcf7_unit_tag\" value=\"wpcf7-f6373-o1\" \/>\n<input type=\"hidden\" name=\"_wpcf7_container_post\" value=\"0\" \/>\n<input type=\"hidden\" name=\"_wpcf7_posted_data_hash\" value=\"\" \/>\n<\/div>\n<div class=\"contactform\">\n<div class=\"clearfix\">\n<div class=\"eight columns alpha\">\n<span class=\"wpcf7-form-control-wrap\" data-name=\"your-name\"><input type=\"text\" name=\"your-name\" value=\"Name\" size=\"40\" class=\"wpcf7-form-control wpcf7-text wpcf7-validates-as-required\" aria-required=\"true\" aria-invalid=\"false\" \/><\/span>\n    <\/div>\n<div class=\"eight columns omega\">\n<span class=\"wpcf7-form-control-wrap\" data-name=\"text-968\"><input type=\"text\" name=\"text-968\" value=\"Phone Number\" size=\"40\" class=\"wpcf7-form-control wpcf7-text wpcf7-validates-as-required\" aria-required=\"true\" aria-invalid=\"false\" \/><\/span>\n    <\/div>\n<div class=\"eight columns alpha\">\n<span class=\"wpcf7-form-control-wrap\" data-name=\"your-subject\"><input type=\"text\" name=\"your-subject\" value=\"Subject\" size=\"40\" class=\"wpcf7-form-control wpcf7-text wpcf7-validates-as-required\" aria-required=\"true\" aria-invalid=\"false\" \/><\/span>\n    <\/div>\n<div class=\"eight columns omega\">\n<span class=\"wpcf7-form-control-wrap\" data-name=\"your-email\"><input type=\"email\" name=\"your-email\" value=\"Email\" size=\"40\" class=\"wpcf7-form-control wpcf7-text wpcf7-email wpcf7-validates-as-required wpcf7-validates-as-email\" aria-required=\"true\" aria-invalid=\"false\" \/><\/span>\n    <\/div>\n<div class=\"sixteen columns alpha omega\">\n<span class=\"wpcf7-form-control-wrap\" data-name=\"your-message\"><textarea name=\"your-message\" cols=\"40\" rows=\"10\" class=\"wpcf7-form-control wpcf7-textarea wpcf7-validates-as-required\" aria-required=\"true\" aria-invalid=\"false\">Tell us a little bit about yourself...<\/textarea><\/span>\n<\/div>\n<div class=\"sixteen columns alpha omega\">\n<span class=\"wpcf7-form-control-wrap\" data-name=\"textarea-701\"><textarea name=\"textarea-701\" cols=\"40\" rows=\"10\" class=\"wpcf7-form-control wpcf7-textarea wpcf7-validates-as-required\" aria-required=\"true\" aria-invalid=\"false\">What would you like to share with us?<\/textarea><\/span>\n<\/div>\n<div class=\"sixteen columns alpha omega\" style=\"text-align:left;\">\n<input type=\"submit\" value=\"Send\" class=\"wpcf7-form-control has-spinner wpcf7-submit\" \/>\n<\/div>\n<\/div>\n<\/div>\n<div class=\"wpcf7-response-output\" aria-hidden=\"true\"><\/div><\/form><\/div>[\/vc_column][\/vc_row]\n<\/div>","protected":false},"excerpt":{"rendered":"<p>[vc_row 0=\u00bb\u00bb][vc_column][vc_single_image image=\u00bb7717&#8243; img_size=\u00bbfull\u00bb][\/vc_column][\/vc_row][vc_row 0=\u00bb\u00bb][vc_column 0=\u00bb\u00bb][vc_column_text 0=\u00bb\u00bb] \u00abEl Proyecto CAE brinda cursos de capacitaci\u00f3n para estudiantes , profesionales y p\u00fablico en general , tambi\u00e9n contamos con ambientes con 20 maquinas [&hellip;]<\/p>\n","protected":false},"author":1,"featured_media":0,"parent":0,"menu_order":11,"comment_status":"closed","ping_status":"closed","template":"","meta":{"footnotes":""},"_links":{"self":[{"href":"http:\/\/cae.fcyt.umss.edu.bo\/index.php?rest_route=\/wp\/v2\/pages\/4042"}],"collection":[{"href":"http:\/\/cae.fcyt.umss.edu.bo\/index.php?rest_route=\/wp\/v2\/pages"}],"about":[{"href":"http:\/\/cae.fcyt.umss.edu.bo\/index.php?rest_route=\/wp\/v2\/types\/page"}],"author":[{"embeddable":true,"href":"http:\/\/cae.fcyt.umss.edu.bo\/index.php?rest_route=\/wp\/v2\/users\/1"}],"replies":[{"embeddable":true,"href":"http:\/\/cae.fcyt.umss.edu.bo\/index.php?rest_route=%2Fwp%2Fv2%2Fcomments&post=4042"}],"version-history":[{"count":3,"href":"http:\/\/cae.fcyt.umss.edu.bo\/index.php?rest_route=\/wp\/v2\/pages\/4042\/revisions"}],"predecessor-version":[{"id":7798,"href":"http:\/\/cae.fcyt.umss.edu.bo\/index.php?rest_route=\/wp\/v2\/pages\/4042\/revisions\/7798"}],"wp:attachment":[{"href":"http:\/\/cae.fcyt.umss.edu.bo\/index.php?rest_route=%2Fwp%2Fv2%2Fmedia&parent=4042"}],"curies":[{"name":"wp","href":"https:\/\/api.w.org\/{rel}","templated":true}]}}