{"id":7693,"date":"2022-10-20T19:42:06","date_gmt":"2022-10-20T19:42:06","guid":{"rendered":"http:\/\/cae.fcyt.umss.edu.bo\/?page_id=7693"},"modified":"2022-10-20T22:21:34","modified_gmt":"2022-10-20T22:21:34","slug":"cronograma-de-capacitacion","status":"publish","type":"page","link":"http:\/\/cae.fcyt.umss.edu.bo\/?page_id=7693","title":{"rendered":"CRONOGRAMA DE CAPACITACI\u00d3N"},"content":{"rendered":"\n<table id=\"tablepress-1\" class=\"tablepress tablepress-id-1\">\n<thead>\n<tr class=\"row-1 odd\">\n\t<th class=\"column-1\">Nombre del Curso<\/th><th class=\"column-2\">Duraci\u00f3n<\/th><th class=\"column-3\">Inicio<\/th><th class=\"column-4\">Horarios<\/th>\n<\/tr>\n<\/thead>\n<tbody class=\"row-hover\">\n<tr class=\"row-2 even\">\n\t<td class=\"column-1\">Curso de Autocad B\u00e1sico - Intermedio<\/td><td class=\"column-2\">2 semanas<\/td><td class=\"column-3\">12 Septiembre 2022<\/td><td class=\"column-4\">20:15 a 21:45<\/td>\n<\/tr>\n<tr class=\"row-3 odd\">\n\t<td class=\"column-1\">Curso de Mantenimiento y Reparaci\u00f3n de Computadoras<\/td><td class=\"column-2\">7 clases practicas<\/td><td class=\"column-3\">12 Septiembre 2022<\/td><td class=\"column-4\">15:45 a 17:15<\/td>\n<\/tr>\n<tr class=\"row-4 even\">\n\t<td class=\"column-1\">Curso de Autocad Intermedio - Avanzado<\/td><td class=\"column-2\">2 semanas<\/td><td class=\"column-3\">12 Septiembre 2022<\/td><td class=\"column-4\">18:45 a 20:15<\/td>\n<\/tr>\n<tr class=\"row-5 odd\">\n\t<td class=\"column-1\">Curso de Office<\/td><td class=\"column-2\">3 semanas<\/td><td class=\"column-3\">12 Septiembre 2022<\/td><td class=\"column-4\">9:45 a 11:15<\/td>\n<\/tr>\n<tr class=\"row-6 even\">\n\t<td class=\"column-1\">Curso de Excel Avanzado-Macros<\/td><td class=\"column-2\">2 semanas<\/td><td class=\"column-3\">12 Septiembre 2022<\/td><td class=\"column-4\">11:15 a 12:45<\/td>\n<\/tr>\n<tr class=\"row-7 odd\">\n\t<td class=\"column-1\">Curso de Autocad B\u00e1sico - Intermedio<\/td><td class=\"column-2\">2 semanas<\/td><td class=\"column-3\">12 Septiembre 2022<\/td><td class=\"column-4\">20:15 a 21:45<\/td>\n<\/tr>\n<tr class=\"row-8 even\">\n\t<td class=\"column-1\">Curso de Power BI<\/td><td class=\"column-2\">2 semanas<\/td><td class=\"column-3\">12 Septiembre 2022<\/td><td class=\"column-4\">11:15 a 12:45<\/td>\n<\/tr>\n<tr class=\"row-9 odd\">\n\t<td class=\"column-1\">Curso de Excel B\u00e1sico Intermedio<\/td><td class=\"column-2\">2 semanas<\/td><td class=\"column-3\">12 Septiembre 2022<\/td><td class=\"column-4\">8:15 a 9:45<\/td>\n<\/tr>\n<tr class=\"row-10 even\">\n\t<td class=\"column-1\">Curso de Office<\/td><td class=\"column-2\">3 semanas<\/td><td class=\"column-3\">22 Septiembre 2022<\/td><td class=\"column-4\">12:45 a 14:15<\/td>\n<\/tr>\n<tr class=\"row-11 odd\">\n\t<td class=\"column-1\">Curso de Solid Works Avanzado<\/td><td class=\"column-2\">3 semanas<\/td><td class=\"column-3\">22 Septiembre 2022<\/td><td class=\"column-4\">11:15 a 12:45<\/td>\n<\/tr>\n<tr class=\"row-12 even\">\n\t<td class=\"column-1\">Curso de Autocad B\u00e1sico  - Intermedio<\/td><td class=\"column-2\">2 semanas<\/td><td class=\"column-3\">28 Septiembre 2022<\/td><td class=\"column-4\">11:15 a 12:45<\/td>\n<\/tr>\n<tr class=\"row-13 odd\">\n\t<td class=\"column-1\">Curso de Matlab Basico - Intermedio<\/td><td class=\"column-2\">2 semanas<\/td><td class=\"column-3\">28 Septiembre 2022<\/td><td class=\"column-4\">9:45 a 11:15<\/td>\n<\/tr>\n<tr class=\"row-14 even\">\n\t<td class=\"column-1\">Capacitaci\u00f3n Moodle<\/td><td class=\"column-2\">2 semanas<\/td><td class=\"column-3\">28 Septiembre 2022<\/td><td class=\"column-4\">18:45 a 20:15<\/td>\n<\/tr>\n<tr class=\"row-15 odd\">\n\t<td class=\"column-1\">Curso de Rob\u00f3tica<\/td><td class=\"column-2\">2 semanas<\/td><td class=\"column-3\">28 Septiembre 2022<\/td><td class=\"column-4\">8:15 a 9:45<\/td>\n<\/tr>\n<tr class=\"row-16 even\">\n\t<td class=\"column-1\">Quark y Ms Project<\/td><td class=\"column-2\">3 sabados<\/td><td class=\"column-3\">22 Octubre 2022<\/td><td class=\"column-4\">14:30 a 16:00<\/td>\n<\/tr>\n<\/tbody>\n<\/table>\n<!-- #tablepress-1 from cache -->\n","protected":false},"excerpt":{"rendered":"Nombre del CursoDuraci\u00f3nInicioHorarios Curso de Autocad B\u00e1sico - Intermedio2 semanas12 Septiembre 202220:15 a 21:45 Curso de Mantenimiento y Reparaci\u00f3n de Computadoras7 clases practicas12 Septiembre 202215:45 a 17:15 Curso de Autocad [...]","protected":false},"author":1,"featured_media":0,"parent":0,"menu_order":0,"comment_status":"closed","ping_status":"closed","template":"","meta":{"footnotes":""},"_links":{"self":[{"href":"http:\/\/cae.fcyt.umss.edu.bo\/index.php?rest_route=\/wp\/v2\/pages\/7693"}],"collection":[{"href":"http:\/\/cae.fcyt.umss.edu.bo\/index.php?rest_route=\/wp\/v2\/pages"}],"about":[{"href":"http:\/\/cae.fcyt.umss.edu.bo\/index.php?rest_route=\/wp\/v2\/types\/page"}],"author":[{"embeddable":true,"href":"http:\/\/cae.fcyt.umss.edu.bo\/index.php?rest_route=\/wp\/v2\/users\/1"}],"replies":[{"embeddable":true,"href":"http:\/\/cae.fcyt.umss.edu.bo\/index.php?rest_route=%2Fwp%2Fv2%2Fcomments&post=7693"}],"version-history":[{"count":3,"href":"http:\/\/cae.fcyt.umss.edu.bo\/index.php?rest_route=\/wp\/v2\/pages\/7693\/revisions"}],"predecessor-version":[{"id":7797,"href":"http:\/\/cae.fcyt.umss.edu.bo\/index.php?rest_route=\/wp\/v2\/pages\/7693\/revisions\/7797"}],"wp:attachment":[{"href":"http:\/\/cae.fcyt.umss.edu.bo\/index.php?rest_route=%2Fwp%2Fv2%2Fmedia&parent=7693"}],"curies":[{"name":"wp","href":"https:\/\/api.w.org\/{rel}","templated":true}]}}