{"id":7700,"date":"2022-10-20T19:50:56","date_gmt":"2022-10-20T19:50:56","guid":{"rendered":"http:\/\/cae.fcyt.umss.edu.bo\/?page_id=7700"},"modified":"2022-10-20T20:13:11","modified_gmt":"2022-10-20T20:13:11","slug":"resena-historica","status":"publish","type":"page","link":"http:\/\/cae.fcyt.umss.edu.bo\/?page_id=7700","title":{"rendered":"RESE\u00d1A HIST\u00d3RICA"},"content":{"rendered":"<div class=\"wpb-content-wrapper\">[vc_row][vc_column width=\u00bb2\/3&#8243;][vc_gallery interval=\u00bb3&#8243; images=\u00bb7702,7703,7704&#8243; img_size=\u00bbfull\u00bb][\/vc_column][vc_column width=\u00bb1\/3&#8243;][vc_text_separator title=\u00bbMisi\u00f3n\u00bb color=\u00bbcustom\u00bb accent_color=\u00bb#1e73be\u00bb css=\u00bb.vc_custom_1666296665693{padding-top: -20px !important;}\u00bb][vc_column_text]\n<p style=\"text-align: justify;\">El proyecto CAE, tiene la funci\u00f3n de modernizar el proceso de ense\u00f1anza-aprendizaje, para ello capacita a estudiantes y profesionales en la aplicaci\u00f3n de nuevos softwares que complementan y se aplican a diferentes materias en las carreras de la Facultad de Ciencias y Tecnolog\u00eda y de la Universidad en general, con la inclusi\u00f3n de nuevos mecanismos y T\u00e9cnicas de dise\u00f1o y fabricaci\u00f3n aplicados a las nuevas tecnolog\u00edas. Brinda servicios de capacitaci\u00f3n a la poblaci\u00f3n en general con cursos de manejos de paquetes computacionales, ensamblado y mantenimiento de computadoras, etc.<\/p>\n[\/vc_column_text][vc_text_separator title=\u00bbVIsi\u00f3n\u00bb color=\u00bbcustom\u00bb accent_color=\u00bb#1e73be\u00bb][vc_column_text]\n<p style=\"text-align: justify;\">Contribuir en la innovaci\u00f3n y el fomento de la cultura inform\u00e1tica, logrando fortalecer e innovar la ense\u00f1anza-aprendizaje de la poblaci\u00f3n en general. Posicionando al Proyecto CAE como un Centro de Computo con excelencia y capacidad para el desarrollo propio e Institucional.<\/p>\n[\/vc_column_text][\/vc_column][\/vc_row][vc_row][vc_column][vc_text_separator title=\u00bbNuestra Hist\u00f3ria\u00bb color=\u00bbcustom\u00bb accent_color=\u00bb#1e73be\u00bb][\/vc_column][\/vc_row][vc_row][vc_column][vc_column_text]\n<p style=\"text-align: justify;\">En los \u00faltimos doce a\u00f1os, algunos de los proyectos del \u00abPlan de desarrollo en educaci\u00f3n superior (MHO)\u00bb de Holanda, fueron implementados en la UMSS, incluyendo el proyecto CAE.<br \/>\nLos objetivos de los proyectos, se concentraban en el fortalecimiento institucional a trav\u00e9s del desarrollo de recursos humanos, la instalaci\u00f3n Brindamos servicios de capacitaci\u00f3n a la poblaci\u00f3n en general con, cursos de manejos de paquetes computacionales, ensamblado y mantenimiento de computadoras como tambi\u00e9n nuestros ambientes se encuentran a disposici\u00f3n de la reserva y alquiler para la realizaci\u00f3n exclusiva de cursos, seminarios, talleres y todo tipo de capacitaci\u00f3n, contribuyendo en la innovaci\u00f3n y el fomento de la cultura inform\u00e1tica.de varios laboratorios, as\u00ed como el mejoramiento de los procesos acad\u00e9micos y administrativos de la UMSS.<br \/>\nLa relaci\u00f3n existente entre la UMSS y la Hogeschool van Utrecht (HvU), dentro el programa de cofinanciamiento del gobierno holand\u00e9s (MHO), consigui\u00f3 que en 1994 se firme un convenio entre ambas partes para organizar un \u00abDiplomado en Ingenier\u00eda Asistida por Computador\u00bb (CAE I). El diplomado que, estaba basado principalmente en el conocimiento y habilidades dentro del campo del dise\u00f1o asistido por computador (CAD) e ingenier\u00eda de la calidad, llego a la conclusi\u00f3n de que, la FCYT tomo conciencia de que la aplicaci\u00f3n de tecnolog\u00eda computacional dentro el proceso acad\u00e9mico en general era de urgente necesidad. Pensando en esa necesidad, la cooperaci\u00f3n holandesa, inicio un segundo programa:\u00bbEducaci\u00f3n asistida por computador\u00bb (Computer Aided Education \u2014 CAE II), el cual tiene como misi\u00f3n: el fortalecimiento institucional de la Facultad de Ciencias y Tecnolog\u00eda a trav\u00e9s de la formaci\u00f3n de un centro de excelencia acad\u00e9mica continua, dentro el marco l\u00f3gico de las relaciones con la industria, proceso acad\u00e9mico a nivel de Pregrado \u2014 Postgrado y laboratorios con equipos de ultima generaci\u00f3n. Otro de los grandes logros que tuvo la Facultad de Ciencias y Tecnolog\u00eda de la UMSS, mediante el proyecto Cae, fue sin duda, el laboratorio CAD\/CAM\/CNC, que a partir del a\u00f1o 2001 comenz\u00f3 a implementar sus actividades de forma integrada, siendo asi, reconocidos por la industria boliviana, como un excelente centro de profesionales con equipamiento de \u00faltima generaci\u00f3n.<\/p>\n[\/vc_column_text][\/vc_column][\/vc_row]\n<\/div>","protected":false},"excerpt":{"rendered":"<p>[vc_row][vc_column width=\u00bb2\/3&#8243;][vc_gallery interval=\u00bb3&#8243; images=\u00bb7702,7703,7704&#8243; img_size=\u00bbfull\u00bb][\/vc_column][vc_column width=\u00bb1\/3&#8243;][vc_text_separator title=\u00bbMisi\u00f3n\u00bb color=\u00bbcustom\u00bb accent_color=\u00bb#1e73be\u00bb css=\u00bb.vc_custom_1666296665693{padding-top: -20px !important;}\u00bb][vc_column_text] El proyecto CAE, tiene la funci\u00f3n de modernizar el proceso de ense\u00f1anza-aprendizaje, para ello capacita a estudiantes y [&hellip;]<\/p>\n","protected":false},"author":1,"featured_media":0,"parent":0,"menu_order":0,"comment_status":"closed","ping_status":"closed","template":"","meta":{"footnotes":""},"_links":{"self":[{"href":"http:\/\/cae.fcyt.umss.edu.bo\/index.php?rest_route=\/wp\/v2\/pages\/7700"}],"collection":[{"href":"http:\/\/cae.fcyt.umss.edu.bo\/index.php?rest_route=\/wp\/v2\/pages"}],"about":[{"href":"http:\/\/cae.fcyt.umss.edu.bo\/index.php?rest_route=\/wp\/v2\/types\/page"}],"author":[{"embeddable":true,"href":"http:\/\/cae.fcyt.umss.edu.bo\/index.php?rest_route=\/wp\/v2\/users\/1"}],"replies":[{"embeddable":true,"href":"http:\/\/cae.fcyt.umss.edu.bo\/index.php?rest_route=%2Fwp%2Fv2%2Fcomments&post=7700"}],"version-history":[{"count":12,"href":"http:\/\/cae.fcyt.umss.edu.bo\/index.php?rest_route=\/wp\/v2\/pages\/7700\/revisions"}],"predecessor-version":[{"id":7715,"href":"http:\/\/cae.fcyt.umss.edu.bo\/index.php?rest_route=\/wp\/v2\/pages\/7700\/revisions\/7715"}],"wp:attachment":[{"href":"http:\/\/cae.fcyt.umss.edu.bo\/index.php?rest_route=%2Fwp%2Fv2%2Fmedia&parent=7700"}],"curies":[{"name":"wp","href":"https:\/\/api.w.org\/{rel}","templated":true}]}}